{"id":161,"date":"2026-03-23T15:30:26","date_gmt":"2026-03-23T15:30:26","guid":{"rendered":"https:\/\/timeattack.se\/shop\/?post_type=product&#038;p=161"},"modified":"2026-03-27T12:44:10","modified_gmt":"2026-03-27T12:44:10","slug":"king-of-finland-pacerace-pass","status":"publish","type":"product","link":"https:\/\/timeattack.se\/shop\/fi\/product\/king-of-finland-pacerace-pass\/","title":{"rendered":"King of Finland &#8211; PaceRace Pass"},"content":{"rendered":"<p style=\"text-align: left;\"><strong>King of Finland PaceRace Paketti<\/strong><\/p>\n<p data-start=\"115\" data-end=\"217\">King of Finland PaceRace -paketti sis\u00e4lt\u00e4\u00e4 PaceRace-kilpailun ja nyt saat testip\u00e4iv\u00e4n ilmaiseksi.<\/p>\n<p data-start=\"219\" data-end=\"361\">Perjantaina sinulla on mahdollisuus s\u00e4\u00e4t\u00e4\u00e4 auto huippukuntoon ja tutustua rataan ennen kilpailua.<\/p>\n<p data-start=\"363\" data-end=\"511\">Lauantaina on kilpailup\u00e4iv\u00e4 \u2013 PaceRace-kilpailu, jossa kuljettajat tekev\u00e4t kaikkensa, jotta <strong data-start=\"470\" data-end=\"494\">saavuttavat 2026 PaceRace King of Finland<\/strong> kruunun.<\/p>","protected":false},"excerpt":{"rendered":"<p data-start=\"72\" data-end=\"142\"><strong data-start=\"72\" data-end=\"98\">King of Finland\u00a0<\/strong><br data-start=\"98\" data-end=\"101\" \/>2 driving days included: Test Day + PaceRace Race Day<br \/>\nWith support from our partners, we are able to offer this at a subsidized price of \u20ac199<\/p>","protected":false},"featured_media":178,"comment_status":"closed","ping_status":"closed","template":"","meta":[],"product_brand":[],"product_cat":[19],"product_tag":[],"class_list":{"0":"post-161","1":"product","2":"type-product","3":"status-publish","4":"has-post-thumbnail","6":"product_cat-king-of-finland","8":"first","9":"instock","10":"virtual","11":"taxable","12":"purchasable","13":"product-type-simple"},"_links":{"self":[{"href":"https:\/\/timeattack.se\/shop\/fi\/wp-json\/wp\/v2\/product\/161","targetHints":{"allow":["GET"]}}],"collection":[{"href":"https:\/\/timeattack.se\/shop\/fi\/wp-json\/wp\/v2\/product"}],"about":[{"href":"https:\/\/timeattack.se\/shop\/fi\/wp-json\/wp\/v2\/types\/product"}],"replies":[{"embeddable":true,"href":"https:\/\/timeattack.se\/shop\/fi\/wp-json\/wp\/v2\/comments?post=161"}],"wp:featuredmedia":[{"embeddable":true,"href":"https:\/\/timeattack.se\/shop\/fi\/wp-json\/wp\/v2\/media\/178"}],"wp:attachment":[{"href":"https:\/\/timeattack.se\/shop\/fi\/wp-json\/wp\/v2\/media?parent=161"}],"wp:term":[{"taxonomy":"product_brand","embeddable":true,"href":"https:\/\/timeattack.se\/shop\/fi\/wp-json\/wp\/v2\/product_brand?post=161"},{"taxonomy":"product_cat","embeddable":true,"href":"https:\/\/timeattack.se\/shop\/fi\/wp-json\/wp\/v2\/product_cat?post=161"},{"taxonomy":"product_tag","embeddable":true,"href":"https:\/\/timeattack.se\/shop\/fi\/wp-json\/wp\/v2\/product_tag?post=161"}],"curies":[{"name":"wp","href":"https:\/\/api.w.org\/{rel}","templated":true}]}}