{"id":200,"date":"2026-03-24T11:23:11","date_gmt":"2026-03-24T11:23:11","guid":{"rendered":"https:\/\/timeattack.se\/shop\/?post_type=product&#038;p=200"},"modified":"2026-04-27T13:02:22","modified_gmt":"2026-04-27T13:02:22","slug":"forare-medakningslicens","status":"publish","type":"product","link":"https:\/\/timeattack.se\/shop\/fi\/product\/forare-medakningslicens\/","title":{"rendered":"F\u00f6rare \/ Med\u00e5kningslicens"},"content":{"rendered":"<p data-start=\"93\" data-end=\"185\">Personlig licens f\u00f6r f\u00f6rare och med\u00e5kare.<\/p>\n<p data-start=\"187\" data-end=\"364\">Denna licens g\u00e4ller f\u00f6r dig som inte redan innehar en giltig SBF-licens. Licensen tecknas per person och s\u00e4kerst\u00e4ller att du omfattas av g\u00e4llande f\u00f6rs\u00e4kringsskydd under eventet.<\/p>\n<p data-start=\"366\" data-end=\"457\">F\u00f6r dig som har k\u00f6pt seriepaket ing\u00e5r licens f\u00f6r dig som f\u00f6rare.<\/p>\n<p data-start=\"590\" data-end=\"682\">Observera att namn och personnummer ska anges vid checkout under &#8221;Best\u00e4llningsanteckningar&#8221;.<\/p>","protected":false},"excerpt":{"rendered":"<p>Personlig licens f\u00f6r f\u00f6rare och med\u00e5kare.<\/p>","protected":false},"featured_media":203,"comment_status":"closed","ping_status":"closed","template":"","meta":[],"product_brand":[],"product_cat":[20],"product_tag":[],"class_list":{"0":"post-200","1":"product","2":"type-product","3":"status-publish","4":"has-post-thumbnail","6":"product_cat-kinnekulle-ring-2026","8":"first","9":"instock","10":"virtual","11":"taxable","12":"purchasable","13":"product-type-simple"},"_links":{"self":[{"href":"https:\/\/timeattack.se\/shop\/fi\/wp-json\/wp\/v2\/product\/200","targetHints":{"allow":["GET"]}}],"collection":[{"href":"https:\/\/timeattack.se\/shop\/fi\/wp-json\/wp\/v2\/product"}],"about":[{"href":"https:\/\/timeattack.se\/shop\/fi\/wp-json\/wp\/v2\/types\/product"}],"replies":[{"embeddable":true,"href":"https:\/\/timeattack.se\/shop\/fi\/wp-json\/wp\/v2\/comments?post=200"}],"wp:featuredmedia":[{"embeddable":true,"href":"https:\/\/timeattack.se\/shop\/fi\/wp-json\/wp\/v2\/media\/203"}],"wp:attachment":[{"href":"https:\/\/timeattack.se\/shop\/fi\/wp-json\/wp\/v2\/media?parent=200"}],"wp:term":[{"taxonomy":"product_brand","embeddable":true,"href":"https:\/\/timeattack.se\/shop\/fi\/wp-json\/wp\/v2\/product_brand?post=200"},{"taxonomy":"product_cat","embeddable":true,"href":"https:\/\/timeattack.se\/shop\/fi\/wp-json\/wp\/v2\/product_cat?post=200"},{"taxonomy":"product_tag","embeddable":true,"href":"https:\/\/timeattack.se\/shop\/fi\/wp-json\/wp\/v2\/product_tag?post=200"}],"curies":[{"name":"wp","href":"https:\/\/api.w.org\/{rel}","templated":true}]}}