{"id":207,"date":"2026-03-24T11:54:42","date_gmt":"2026-03-24T11:54:42","guid":{"rendered":"https:\/\/timeattack.se\/shop\/?post_type=product&#038;p=207"},"modified":"2026-04-27T13:08:51","modified_gmt":"2026-04-27T13:08:51","slug":"grillkvall-lordag","status":"publish","type":"product","link":"https:\/\/timeattack.se\/shop\/fi\/product\/grillkvall-lordag\/","title":{"rendered":"Grillkv\u00e4ll &#8211; L\u00f6rdag 30\/5"},"content":{"rendered":"<p data-start=\"100\" data-end=\"274\">F\u00f6rbest\u00e4ll en grillkv\u00e4ll med TA.se crew. Maten serveras p\u00e5 plats p\u00e5 kv\u00e4llen efter k\u00f6rningen \u00e4r slut och \u00e4r ett smidigt alternativ s\u00e5 att du slipper l\u00e4mna omr\u00e5det f\u00f6r att ordna mat.<\/p>\n<p data-start=\"276\" data-end=\"347\">Perfekt f\u00f6r f\u00f6rare, team och bes\u00f6kare som vill umg\u00e5s med TA.se crew och slippa fixa egen mat efter en l\u00e5ng dag p\u00e5 banan.<\/p>","protected":false},"excerpt":{"rendered":"<p>F\u00f6rbest\u00e4ll grillkv\u00e4ll till l\u00f6rdagen. Maten serveras p\u00e5 plats p\u00e5 kv\u00e4llen efter k\u00f6rningen \u00e4r slut.<\/p>","protected":false},"featured_media":208,"comment_status":"closed","ping_status":"closed","template":"","meta":[],"product_brand":[],"product_cat":[20],"product_tag":[],"class_list":{"0":"post-207","1":"product","2":"type-product","3":"status-publish","4":"has-post-thumbnail","6":"product_cat-kinnekulle-ring-2026","8":"first","9":"instock","10":"virtual","11":"taxable","12":"purchasable","13":"product-type-simple"},"_links":{"self":[{"href":"https:\/\/timeattack.se\/shop\/fi\/wp-json\/wp\/v2\/product\/207","targetHints":{"allow":["GET"]}}],"collection":[{"href":"https:\/\/timeattack.se\/shop\/fi\/wp-json\/wp\/v2\/product"}],"about":[{"href":"https:\/\/timeattack.se\/shop\/fi\/wp-json\/wp\/v2\/types\/product"}],"replies":[{"embeddable":true,"href":"https:\/\/timeattack.se\/shop\/fi\/wp-json\/wp\/v2\/comments?post=207"}],"wp:featuredmedia":[{"embeddable":true,"href":"https:\/\/timeattack.se\/shop\/fi\/wp-json\/wp\/v2\/media\/208"}],"wp:attachment":[{"href":"https:\/\/timeattack.se\/shop\/fi\/wp-json\/wp\/v2\/media?parent=207"}],"wp:term":[{"taxonomy":"product_brand","embeddable":true,"href":"https:\/\/timeattack.se\/shop\/fi\/wp-json\/wp\/v2\/product_brand?post=207"},{"taxonomy":"product_cat","embeddable":true,"href":"https:\/\/timeattack.se\/shop\/fi\/wp-json\/wp\/v2\/product_cat?post=207"},{"taxonomy":"product_tag","embeddable":true,"href":"https:\/\/timeattack.se\/shop\/fi\/wp-json\/wp\/v2\/product_tag?post=207"}],"curies":[{"name":"wp","href":"https:\/\/api.w.org\/{rel}","templated":true}]}}