{"id":218,"date":"2026-04-02T14:37:28","date_gmt":"2026-04-02T14:37:28","guid":{"rendered":"https:\/\/timeattack.se\/shop\/?post_type=product&#038;p=218"},"modified":"2026-04-02T15:56:53","modified_gmt":"2026-04-02T15:56:53","slug":"3x-pacerace-team-trio-seriepaket","status":"publish","type":"product","link":"https:\/\/timeattack.se\/shop\/fi\/product\/3x-pacerace-team-trio-seriepaket\/","title":{"rendered":"3x PaceRace &#8211; Team Trio Seriepaket"},"content":{"rendered":"<p data-start=\"139\" data-end=\"204\">Upplev fart, gemenskap och t\u00e4vlingsk\u00e4nsla i v\u00e5rt Pacerace-format!<br \/>\nSerien best\u00e5r av\u00a0<strong data-start=\"355\" data-end=\"387\">tre t\u00e4vlingsdagar (varje l\u00f6rdag p\u00e5 Kinnekulle Ring, Mantorp Park &amp; Geller\u00e5sen Arena)<\/strong> d\u00e4r fokus ligger p\u00e5 k\u00f6rgl\u00e4dje, utveckling och gemenskap \u2013 oavsett niv\u00e5.<\/p>\n<p><span style=\"font-size: 14.4px;\">Detta paketet \u00e4r f\u00f6r er som \u00e4r tre kompisar som vill t\u00e4vla i Pacerace tillsammans.<\/span><\/p>\n<p><span style=\"color: #333333; font-size: 14.4px;\">Totalt v\u00e4rde endast k\u00f6rningar (styckpris) ca 22500:-.<br \/>\n<\/span><b style=\"color: #333333; font-size: 14.4px;\">Ni sparar ca 4500:-<\/b><\/p>\n<div draggable=\"false\">\n<ul>\n<li data-start=\"234\" data-end=\"269\">Seriedeltagande i det individuella PaceRace-m\u00e4sterskapet<\/li>\n<li>Seriedeltagande i PaceRace Teamm\u00e4sterskapet<\/li>\n<li data-start=\"234\" data-end=\"269\">M\u00f6jlighet att ansluta till ett stall &amp; cup<\/li>\n<li data-start=\"234\" data-end=\"269\">En t\u00e4vlingsstreamer f\u00f6r vindrutan<\/li>\n<li data-start=\"234\" data-end=\"269\">Din snabbaste tid fr\u00e5n varje t\u00e4vlingsdag l\u00e4ggs in i v\u00e5ran TIMEHUNTERS app.<\/li>\n<li>SBF licens ing\u00e5r (g\u00e4ller endast p\u00e5 v\u00e5ra event i Sverige).<\/li>\n<\/ul>\n<\/div>","protected":false},"excerpt":{"rendered":"<p>Upplev fart, gemenskap och t\u00e4vlingsk\u00e4nsla i v\u00e5rt Pacerace-format som ett team under tre delt\u00e4vlingar!<\/p>","protected":false},"featured_media":219,"comment_status":"closed","ping_status":"closed","template":"","meta":[],"product_brand":[],"product_cat":[17],"product_tag":[],"class_list":{"0":"post-218","1":"product","2":"type-product","3":"status-publish","4":"has-post-thumbnail","6":"product_cat-seriepaket","8":"first","9":"instock","10":"virtual","11":"taxable","12":"purchasable","13":"product-type-simple"},"_links":{"self":[{"href":"https:\/\/timeattack.se\/shop\/fi\/wp-json\/wp\/v2\/product\/218","targetHints":{"allow":["GET"]}}],"collection":[{"href":"https:\/\/timeattack.se\/shop\/fi\/wp-json\/wp\/v2\/product"}],"about":[{"href":"https:\/\/timeattack.se\/shop\/fi\/wp-json\/wp\/v2\/types\/product"}],"replies":[{"embeddable":true,"href":"https:\/\/timeattack.se\/shop\/fi\/wp-json\/wp\/v2\/comments?post=218"}],"wp:featuredmedia":[{"embeddable":true,"href":"https:\/\/timeattack.se\/shop\/fi\/wp-json\/wp\/v2\/media\/219"}],"wp:attachment":[{"href":"https:\/\/timeattack.se\/shop\/fi\/wp-json\/wp\/v2\/media?parent=218"}],"wp:term":[{"taxonomy":"product_brand","embeddable":true,"href":"https:\/\/timeattack.se\/shop\/fi\/wp-json\/wp\/v2\/product_brand?post=218"},{"taxonomy":"product_cat","embeddable":true,"href":"https:\/\/timeattack.se\/shop\/fi\/wp-json\/wp\/v2\/product_cat?post=218"},{"taxonomy":"product_tag","embeddable":true,"href":"https:\/\/timeattack.se\/shop\/fi\/wp-json\/wp\/v2\/product_tag?post=218"}],"curies":[{"name":"wp","href":"https:\/\/api.w.org\/{rel}","templated":true}]}}