{"id":224,"date":"2026-03-25T14:56:40","date_gmt":"2026-03-25T14:56:40","guid":{"rendered":"https:\/\/timeattack.se\/shop\/?post_type=product&#038;p=224"},"modified":"2026-04-02T15:58:05","modified_gmt":"2026-04-02T15:58:05","slug":"time-attack-seriepaket-standard","status":"publish","type":"product","link":"https:\/\/timeattack.se\/shop\/fi\/product\/time-attack-seriepaket-standard\/","title":{"rendered":"Time Attack &#8211; Seriepaket Standard"},"content":{"rendered":"<div draggable=\"false\" data-pm-slice=\"1 1 []\" data-en-clipboard=\"true\">\n<div draggable=\"false\" data-pm-slice=\"1 1 []\" data-en-clipboard=\"true\">\n<div draggable=\"false\" data-pm-slice=\"1 1 []\" data-en-clipboard=\"true\">\n<div draggable=\"false\">Grunden f\u00f6r en seri\u00f6s s\u00e4songs &amp; PB-satsning, med en flexibilitet i att boka extra rabatterade Testdagar senare.<\/div>\n<div draggable=\"false\">Alla v\u00e5ra t\u00e4vlingsdagar som ger b\u00e4sta m\u00f6jliga f\u00f6ruts\u00e4ttningar s\u00e4tta snabba varvtider och k\u00e4nna adrenalinet av att t\u00e4vla i Scandinavian Time Attack.<\/div>\n<div draggable=\"false\">Totalt v\u00e4rde endast k\u00f6rningar (styckpris) ca 26 500:-.<\/div>\n<div draggable=\"false\"><b>Du sparar ca 4500:-<\/b><\/div>\n<\/div>\n<\/div>\n<\/div>\n<div draggable=\"false\"><b style=\"font-size: 14.4px;\"><br \/>\nF\u00f6rutom <u>allt<\/u>\u00a0i STANDARD MINI ing\u00e5r f\u00f6ljande:<\/b><\/div>\n<div draggable=\"false\">\n<ul>\n<li draggable=\"false\">Extra dekalpaket: Tv\u00e5 upps\u00e4ttningar nummerskyltar.<\/li>\n<li draggable=\"false\">F\u00f6rtur att med -500:-\/dag rabatt boka extra TA Testdagar, \u201dKing of Mantorp\u201d samt \u201dKing of Finland\u201d.<\/li>\n<li draggable=\"false\">SBF med\u00e5kar-licens ing\u00e5r (g\u00e4ller endast p\u00e5 v\u00e5ra event i Sverige)<\/li>\n<li draggable=\"false\">M\u00f6jlighet att boka Trackday\/Media\/Sponsordag p\u00e5 Mantorp Park 7e Augusti.<\/li>\n<\/ul>\n<\/div>","protected":false},"excerpt":{"rendered":"<h4 draggable=\"false\" data-pm-slice=\"1 1 []\" data-en-clipboard=\"true\">6x T\u00e4vlingsdagar \u2013 F\u00f6r dig som vill t\u00e4vla en hel s\u00e4song. F\u00e5 partnerf\u00f6rm\u00e5ner &amp; b\u00e4ttre villkor p\u00e5 ex. extra TA Testdagar<\/h4>","protected":false},"featured_media":220,"comment_status":"closed","ping_status":"closed","template":"","meta":[],"product_brand":[],"product_cat":[17],"product_tag":[],"class_list":{"0":"post-224","1":"product","2":"type-product","3":"status-publish","4":"has-post-thumbnail","6":"product_cat-seriepaket","8":"first","9":"instock","10":"sale","11":"virtual","12":"taxable","13":"purchasable","14":"product-type-simple"},"_links":{"self":[{"href":"https:\/\/timeattack.se\/shop\/fi\/wp-json\/wp\/v2\/product\/224","targetHints":{"allow":["GET"]}}],"collection":[{"href":"https:\/\/timeattack.se\/shop\/fi\/wp-json\/wp\/v2\/product"}],"about":[{"href":"https:\/\/timeattack.se\/shop\/fi\/wp-json\/wp\/v2\/types\/product"}],"replies":[{"embeddable":true,"href":"https:\/\/timeattack.se\/shop\/fi\/wp-json\/wp\/v2\/comments?post=224"}],"wp:featuredmedia":[{"embeddable":true,"href":"https:\/\/timeattack.se\/shop\/fi\/wp-json\/wp\/v2\/media\/220"}],"wp:attachment":[{"href":"https:\/\/timeattack.se\/shop\/fi\/wp-json\/wp\/v2\/media?parent=224"}],"wp:term":[{"taxonomy":"product_brand","embeddable":true,"href":"https:\/\/timeattack.se\/shop\/fi\/wp-json\/wp\/v2\/product_brand?post=224"},{"taxonomy":"product_cat","embeddable":true,"href":"https:\/\/timeattack.se\/shop\/fi\/wp-json\/wp\/v2\/product_cat?post=224"},{"taxonomy":"product_tag","embeddable":true,"href":"https:\/\/timeattack.se\/shop\/fi\/wp-json\/wp\/v2\/product_tag?post=224"}],"curies":[{"name":"wp","href":"https:\/\/api.w.org\/{rel}","templated":true}]}}