{"id":225,"date":"2026-03-25T14:57:37","date_gmt":"2026-03-25T14:57:37","guid":{"rendered":"https:\/\/timeattack.se\/shop\/?post_type=product&#038;p=225"},"modified":"2026-04-02T15:58:01","modified_gmt":"2026-04-02T15:58:01","slug":"time-attack-seriepaket-pro-max-limiterat","status":"publish","type":"product","link":"https:\/\/timeattack.se\/shop\/fi\/product\/time-attack-seriepaket-pro-max-limiterat\/","title":{"rendered":"Time Attack &#8211; Seriepaket Pro"},"content":{"rendered":"<div draggable=\"false\" data-pm-slice=\"1 1 []\" data-en-clipboard=\"true\">\n<div draggable=\"false\" data-pm-slice=\"1 1 []\" data-en-clipboard=\"true\">\n<div draggable=\"false\" data-pm-slice=\"1 1 []\" data-en-clipboard=\"true\">\n<div draggable=\"false\">\n<div draggable=\"false\">\n<div draggable=\"false\">V\u00e5rt mest performance-starka paket, som ger all k\u00f6rning och ultimata f\u00f6ruts\u00e4ttningar f\u00f6r PB\/T\u00e4vlan alla tre banhelger- med ett l\u00e4gre behov av media.<\/div>\n<div draggable=\"false\">\n<p>Ger en \u00e4nnu st\u00f6rre upplevelse, enklare logistik i dep\u00e5, besparing el mm.<\/p>\n<p>Ordinarie v\u00e4rde f\u00f6r enbart k\u00f6rningar (styckpris): ca 37 500:-<\/p>\n<\/div>\n<div draggable=\"false\">Totalt v\u00e4rde: 45 390:-<\/div>\n<div draggable=\"false\">\n<p><b><b>Du sparar hela 12 400:-<\/b><\/b><\/p>\n<p>&nbsp;<\/p>\n<div draggable=\"false\"><b>F\u00f6rutom\u00a0<u>allt<\/u>\u00a0i STANDARD ing\u00e5r f\u00f6ljande:<\/b><\/div>\n<ul>\n<li draggable=\"false\">\n<div draggable=\"false\">Prioriterad medverkan i inneh\u00e5ll p\u00e5 Instagram\/Facebook, Youtube\/Podcast.<\/div>\n<\/li>\n<li draggable=\"false\">\n<div draggable=\"false\">1x g\u00e4stk\u00f6rning. Bjud en v\u00e4n p\u00e5 en g\u00e4stk\u00f6rning. V\u00e4lj valfri t\u00e4vling eller testdag. V\u00e4rde upp till 4490:- (disponibelt f\u00f6r nya kunder till TIMEATTACK.SE).<\/div>\n<\/li>\n<li draggable=\"false\">\n<div draggable=\"false\">F\u00f6rdel vid indelning av grupper d\u00e4r det \u00e4r m\u00f6jligt.<\/div>\n<\/li>\n<li draggable=\"false\">\n<div draggable=\"false\">Prioriterad plats i dep\u00e5n.<\/div>\n<\/li>\n<li draggable=\"false\">\n<div draggable=\"false\">F\u00f6rtur att med -750:-\/dag rabatt boka \u201dKing of Finland\u201d, Aalastaro.<\/div>\n<\/li>\n<li draggable=\"false\">\n<div draggable=\"false\">50% rabatt p\u00e5 Trackday\/Media\/Sponsordag p\u00e5 Mantorp Park 7e Augusti.<\/div>\n<\/li>\n<li draggable=\"false\">\n<div draggable=\"false\">50% rabatt p\u00e5 valfri Trackday med v\u00e5ra kollegor Tracklife (Kinnekulle el. Geller\u00e5sen).<\/div>\n<\/li>\n<li draggable=\"false\">\n<div draggable=\"false\">El p\u00e5 dep\u00e5plats ing\u00e5r, v\u00e4rde ca 1500:-\u00a0<i>(till\u00e4gg f\u00f6r 3-fas eller liknande tillkommer).<\/i><\/div>\n<\/li>\n<li draggable=\"false\">\n<div draggable=\"false\">1x g\u00e4stk\u00f6rning. Bjud en v\u00e4n p\u00e5 en g\u00e4stk\u00f6rning. V\u00e4lj valfri t\u00e4vling eller testdag. V\u00e4rde upp till 4490:- (disponibelt f\u00f6r nya kunder till TIMEATTACK.SE).<\/div>\n<\/li>\n<li draggable=\"false\">\n<div draggable=\"false\">Ett Texstar \u201dDriver\/Team\u201d merchpaket\u201d med Keps, M\u00f6ssa, T-shirt och Pik\u00e9tr\u00f6ja, v\u00e4rde 1990:-.<\/div>\n<\/li>\n<li draggable=\"false\">\n<div draggable=\"false\">\u201cTack till\u201d din sponsor\/f\u00f6retag med logo p\u00e5 hemsidan, samlings-banderoll p\u00e5 banan samt i ev. video-highlights.<\/div>\n<\/li>\n<\/ul>\n<\/div>\n<\/div>\n<\/div>\n<\/div>\n<\/div>\n<\/div>","protected":false},"excerpt":{"rendered":"<h4 draggable=\"false\" data-pm-slice=\"1 1 []\" data-en-clipboard=\"true\">9x K\u00f6rtillf\u00e4llen.\u00a0 A L L A v\u00e5ra testdagar och seriedelt\u00e4vlingar<\/h4>","protected":false},"featured_media":220,"comment_status":"closed","ping_status":"closed","template":"","meta":[],"product_brand":[],"product_cat":[17],"product_tag":[],"class_list":{"0":"post-225","1":"product","2":"type-product","3":"status-publish","4":"has-post-thumbnail","6":"product_cat-seriepaket","8":"first","9":"instock","10":"sale","11":"virtual","12":"taxable","13":"purchasable","14":"product-type-simple"},"_links":{"self":[{"href":"https:\/\/timeattack.se\/shop\/fi\/wp-json\/wp\/v2\/product\/225","targetHints":{"allow":["GET"]}}],"collection":[{"href":"https:\/\/timeattack.se\/shop\/fi\/wp-json\/wp\/v2\/product"}],"about":[{"href":"https:\/\/timeattack.se\/shop\/fi\/wp-json\/wp\/v2\/types\/product"}],"replies":[{"embeddable":true,"href":"https:\/\/timeattack.se\/shop\/fi\/wp-json\/wp\/v2\/comments?post=225"}],"wp:featuredmedia":[{"embeddable":true,"href":"https:\/\/timeattack.se\/shop\/fi\/wp-json\/wp\/v2\/media\/220"}],"wp:attachment":[{"href":"https:\/\/timeattack.se\/shop\/fi\/wp-json\/wp\/v2\/media?parent=225"}],"wp:term":[{"taxonomy":"product_brand","embeddable":true,"href":"https:\/\/timeattack.se\/shop\/fi\/wp-json\/wp\/v2\/product_brand?post=225"},{"taxonomy":"product_cat","embeddable":true,"href":"https:\/\/timeattack.se\/shop\/fi\/wp-json\/wp\/v2\/product_cat?post=225"},{"taxonomy":"product_tag","embeddable":true,"href":"https:\/\/timeattack.se\/shop\/fi\/wp-json\/wp\/v2\/product_tag?post=225"}],"curies":[{"name":"wp","href":"https:\/\/api.w.org\/{rel}","templated":true}]}}