{"id":230,"date":"2026-03-25T15:14:21","date_gmt":"2026-03-25T15:14:21","guid":{"rendered":"https:\/\/timeattack.se\/shop\/?post_type=product&#038;p=230"},"modified":"2026-03-27T12:24:22","modified_gmt":"2026-03-27T12:24:22","slug":"mediapaket","status":"publish","type":"product","link":"https:\/\/timeattack.se\/shop\/fi\/product\/mediapaket\/","title":{"rendered":"Mediapaket"},"content":{"rendered":"<div draggable=\"false\" data-pm-slice=\"1 1 []\" data-en-clipboard=\"true\">\n<div draggable=\"false\" data-pm-slice=\"1 1 []\" data-en-clipboard=\"true\">\n<div draggable=\"false\" data-pm-slice=\"1 1 []\" data-en-clipboard=\"true\">\n<div draggable=\"false\">\n<div draggable=\"false\">\n<ul data-pm-slice=\"3 3 []\" data-en-clipboard=\"true\">\n<li draggable=\"false\">\n<div draggable=\"false\">Erh\u00e5ll \u201dMedia Pro Max status\u201d.<\/div>\n<\/li>\n<li draggable=\"false\">\n<div draggable=\"false\">Extra access till PR-event, 2x fribiljetter till Elmia Custom Motorshow (P\u00e5skhelgen) eller Mantorp Park Racing \u201dGrande Finale\u201d (19 september).<\/div>\n<\/li>\n<li draggable=\"false\">\n<div draggable=\"false\">Prioriterad medverkan i video-highlights, vodcast och inneh\u00e5ll p\u00e5 Instagram\/Facebook samt Youtube.<\/div>\n<\/li>\n<li draggable=\"false\">\n<div draggable=\"false\">Professionella foton och videoklipp p\u00e5 dig och din bil fr\u00e5n varje t\u00e4vlingshelg i h\u00f6guppl\u00f6st format, fritt att nyttja i sociala medier.<\/div>\n<\/li>\n<li draggable=\"false\">\n<div draggable=\"false\">\u201cTack till\u201d din sponsor\/f\u00f6retag med logo p\u00e5 hemsidan, banderoll p\u00e5 banan samt i ev. video-highlights.<\/div>\n<\/li>\n<\/ul>\n<\/div>\n<\/div>\n<\/div>\n<\/div>\n<\/div>","protected":false},"excerpt":{"rendered":"<h4 draggable=\"false\" data-pm-slice=\"1 1 []\" data-en-clipboard=\"true\">Mediapket f\u00f6r dig som vill ha ta din deltagande till en h\u00f6gre niv\u00e5.<\/h4>","protected":false},"featured_media":231,"comment_status":"closed","ping_status":"closed","template":"","meta":[],"product_brand":[],"product_cat":[17],"product_tag":[],"class_list":{"0":"post-230","1":"product","2":"type-product","3":"status-publish","4":"has-post-thumbnail","6":"product_cat-seriepaket","8":"first","9":"instock","10":"virtual","11":"taxable","12":"purchasable","13":"product-type-simple"},"_links":{"self":[{"href":"https:\/\/timeattack.se\/shop\/fi\/wp-json\/wp\/v2\/product\/230","targetHints":{"allow":["GET"]}}],"collection":[{"href":"https:\/\/timeattack.se\/shop\/fi\/wp-json\/wp\/v2\/product"}],"about":[{"href":"https:\/\/timeattack.se\/shop\/fi\/wp-json\/wp\/v2\/types\/product"}],"replies":[{"embeddable":true,"href":"https:\/\/timeattack.se\/shop\/fi\/wp-json\/wp\/v2\/comments?post=230"}],"wp:featuredmedia":[{"embeddable":true,"href":"https:\/\/timeattack.se\/shop\/fi\/wp-json\/wp\/v2\/media\/231"}],"wp:attachment":[{"href":"https:\/\/timeattack.se\/shop\/fi\/wp-json\/wp\/v2\/media?parent=230"}],"wp:term":[{"taxonomy":"product_brand","embeddable":true,"href":"https:\/\/timeattack.se\/shop\/fi\/wp-json\/wp\/v2\/product_brand?post=230"},{"taxonomy":"product_cat","embeddable":true,"href":"https:\/\/timeattack.se\/shop\/fi\/wp-json\/wp\/v2\/product_cat?post=230"},{"taxonomy":"product_tag","embeddable":true,"href":"https:\/\/timeattack.se\/shop\/fi\/wp-json\/wp\/v2\/product_tag?post=230"}],"curies":[{"name":"wp","href":"https:\/\/api.w.org\/{rel}","templated":true}]}}