{"id":281,"date":"2026-04-14T10:38:03","date_gmt":"2026-04-14T10:38:03","guid":{"rendered":"https:\/\/timeattack.se\/shop\/?post_type=product&#038;p=281"},"modified":"2026-04-17T05:01:04","modified_gmt":"2026-04-17T05:01:04","slug":"van-fun","status":"publish","type":"product","link":"https:\/\/timeattack.se\/shop\/fi\/product\/van-fun\/","title":{"rendered":"King of Finland \u2013 VAN FUN"},"content":{"rendered":"<p data-start=\"304\" data-end=\"343\"><strong data-start=\"304\" data-end=\"343\">King of Finland VAN FUN \u2013 Lauantai<\/strong><\/p>\n<p data-start=\"345\" data-end=\"415\">Osallistu King of Finland VAN FUN -n\u00e4yt\u00f6skisaan lauantaina 16. toukokuuta.<\/p>\n<p data-start=\"417\" data-end=\"556\">T\u00e4m\u00e4 osallistuminen oikeuttaa sinut ajamaan kilpailup\u00e4iv\u00e4n aikana yhdess\u00e4 VAN FUN -er\u00e4ss\u00e4 muiden VAN FUN -kuljettajien rinnalla.<\/p>","protected":false},"excerpt":{"rendered":"<p data-start=\"304\" data-end=\"343\"><strong data-start=\"304\" data-end=\"343\">King of Finland VAN FUN \u2013 Lauantai<\/strong><\/p>\n<p data-start=\"345\" data-end=\"415\">Osallistu King of Finland VAN FUN -n\u00e4yt\u00f6skisaan lauantaina 16. toukokuuta.<\/p>\n<p data-start=\"417\" data-end=\"556\">T\u00e4m\u00e4 osallistuminen oikeuttaa sinut ajamaan kilpailup\u00e4iv\u00e4n aikana yhdess\u00e4 VAN FUN -er\u00e4ss\u00e4 muiden VAN FUN -kuljettajien rinnalla.<\/p>\n<p data-start=\"417\" data-end=\"556\">Kuka on Skandinavian nopein pakettiauton kuljettaja ja kruunataan pakettiautojen kuninkaaksi vuonna 2026?<\/p>\n<p data-start=\"417\" data-end=\"556\">Huom: Pakettiauton on oltava liikennek\u00e4yt\u00f6ss\u00e4, tyhj\u00e4n\u00e4\/ei irtonaisia \u200b\u200besineit\u00e4 ja sen on l\u00e4p\u00e4ist\u00e4v\u00e4 radalla tehty turvallisuustarkastus. Vain \"oikean kokoiset\" pakettiautot ovat sallittuja - henkil\u00f6autoista muunnetut eiv\u00e4t p\u00e4\u00e4se radalle t\u00e4ss\u00e4 luokassa - pahoittelut.<\/p>","protected":false},"featured_media":282,"comment_status":"closed","ping_status":"closed","template":"","meta":[],"product_brand":[],"product_cat":[36,19],"product_tag":[],"class_list":{"0":"post-281","1":"product","2":"type-product","3":"status-publish","4":"has-post-thumbnail","6":"product_cat-event_ta","7":"product_cat-king-of-finland","9":"first","10":"instock","11":"virtual","12":"taxable","13":"purchasable","14":"product-type-simple"},"_links":{"self":[{"href":"https:\/\/timeattack.se\/shop\/fi\/wp-json\/wp\/v2\/product\/281","targetHints":{"allow":["GET"]}}],"collection":[{"href":"https:\/\/timeattack.se\/shop\/fi\/wp-json\/wp\/v2\/product"}],"about":[{"href":"https:\/\/timeattack.se\/shop\/fi\/wp-json\/wp\/v2\/types\/product"}],"replies":[{"embeddable":true,"href":"https:\/\/timeattack.se\/shop\/fi\/wp-json\/wp\/v2\/comments?post=281"}],"wp:featuredmedia":[{"embeddable":true,"href":"https:\/\/timeattack.se\/shop\/fi\/wp-json\/wp\/v2\/media\/282"}],"wp:attachment":[{"href":"https:\/\/timeattack.se\/shop\/fi\/wp-json\/wp\/v2\/media?parent=281"}],"wp:term":[{"taxonomy":"product_brand","embeddable":true,"href":"https:\/\/timeattack.se\/shop\/fi\/wp-json\/wp\/v2\/product_brand?post=281"},{"taxonomy":"product_cat","embeddable":true,"href":"https:\/\/timeattack.se\/shop\/fi\/wp-json\/wp\/v2\/product_cat?post=281"},{"taxonomy":"product_tag","embeddable":true,"href":"https:\/\/timeattack.se\/shop\/fi\/wp-json\/wp\/v2\/product_tag?post=281"}],"curies":[{"name":"wp","href":"https:\/\/api.w.org\/{rel}","templated":true}]}}