{"id":51,"date":"2026-03-13T14:35:35","date_gmt":"2026-03-13T14:35:35","guid":{"rendered":"https:\/\/timeattack.se\/shop\/?post_type=product&#038;p=51"},"modified":"2026-03-27T12:42:32","modified_gmt":"2026-03-27T12:42:32","slug":"king-of-finland-test-day-pass","status":"publish","type":"product","link":"https:\/\/timeattack.se\/shop\/fi\/product\/king-of-finland-test-day-pass\/","title":{"rendered":"King of Finland \u2013 Testip\u00e4iv\u00e4"},"content":{"rendered":"<p data-start=\"140\" data-end=\"184\"><strong data-start=\"140\" data-end=\"166\">King of Finland<\/strong><br data-start=\"166\" data-end=\"169\" \/>Perjantai testip\u00e4iv\u00e4<\/p>\n<p data-start=\"186\" data-end=\"252\">Testi- ja harjoitusp\u00e4iv\u00e4 ennen King of Finland Time Attack -kilpailua.<\/p>","protected":false},"excerpt":{"rendered":"<p data-start=\"288\" data-end=\"325\"><strong data-start=\"288\" data-end=\"325\">King of Finland \u2013 Testip\u00e4iv\u00e4 - Perjantai<\/strong><\/p>\n<p data-start=\"327\" data-end=\"409\">Valmistaudu kilpailuun virallisessa King of Finland -testip\u00e4iv\u00e4ss\u00e4 perjantaina 15.5.<\/p>\n<p data-start=\"411\" data-end=\"555\">P\u00e4iv\u00e4n aikana voit testata, s\u00e4\u00e4t\u00e4\u00e4 auton suorituskyvyn kuntoon ja tutustua rataan ennen King of Finland Time Attack -kilpailua.<\/p>\n<p data-start=\"411\" data-end=\"555\">Yhteisty\u00f6kumppaneidemme tuella pystymme tarjoamaan t\u00e4m\u00e4n tuettuun 129 euron hintaan.<\/p>","protected":false},"featured_media":193,"comment_status":"closed","ping_status":"closed","template":"","meta":[],"product_brand":[],"product_cat":[36,19],"product_tag":[],"class_list":{"0":"post-51","1":"product","2":"type-product","3":"status-publish","4":"has-post-thumbnail","6":"product_cat-event_ta","7":"product_cat-king-of-finland","9":"first","10":"instock","11":"virtual","12":"taxable","13":"purchasable","14":"product-type-simple"},"_links":{"self":[{"href":"https:\/\/timeattack.se\/shop\/fi\/wp-json\/wp\/v2\/product\/51","targetHints":{"allow":["GET"]}}],"collection":[{"href":"https:\/\/timeattack.se\/shop\/fi\/wp-json\/wp\/v2\/product"}],"about":[{"href":"https:\/\/timeattack.se\/shop\/fi\/wp-json\/wp\/v2\/types\/product"}],"replies":[{"embeddable":true,"href":"https:\/\/timeattack.se\/shop\/fi\/wp-json\/wp\/v2\/comments?post=51"}],"wp:featuredmedia":[{"embeddable":true,"href":"https:\/\/timeattack.se\/shop\/fi\/wp-json\/wp\/v2\/media\/193"}],"wp:attachment":[{"href":"https:\/\/timeattack.se\/shop\/fi\/wp-json\/wp\/v2\/media?parent=51"}],"wp:term":[{"taxonomy":"product_brand","embeddable":true,"href":"https:\/\/timeattack.se\/shop\/fi\/wp-json\/wp\/v2\/product_brand?post=51"},{"taxonomy":"product_cat","embeddable":true,"href":"https:\/\/timeattack.se\/shop\/fi\/wp-json\/wp\/v2\/product_cat?post=51"},{"taxonomy":"product_tag","embeddable":true,"href":"https:\/\/timeattack.se\/shop\/fi\/wp-json\/wp\/v2\/product_tag?post=51"}],"curies":[{"name":"wp","href":"https:\/\/api.w.org\/{rel}","templated":true}]}}