{"id":53,"date":"2026-03-13T14:35:35","date_gmt":"2026-03-13T14:35:35","guid":{"rendered":"https:\/\/timeattack.se\/shop\/?post_type=product&#038;p=53"},"modified":"2026-03-27T12:42:10","modified_gmt":"2026-03-27T12:42:10","slug":"king-of-finland-weekend-combo-pass","status":"publish","type":"product","link":"https:\/\/timeattack.se\/shop\/fi\/product\/king-of-finland-weekend-combo-pass\/","title":{"rendered":"King of Finland Viikonloppupaketti (Pe+La)"},"content":{"rendered":"<p><strong>King of Finland Weekend Combo Package<\/strong><\/p>\n<p data-start=\"115\" data-end=\"217\">King of Finland Viikonloppupaketti sis\u00e4lt\u00e4\u00e4 testip\u00e4iv\u00e4n sek\u00e4 King of Finland Time Attack -kilpailup\u00e4iv\u00e4n.<\/p>\n<p data-start=\"219\" data-end=\"361\">Perjantaina sinulla on mahdollisuus s\u00e4\u00e4t\u00e4\u00e4 auto huippukuntoon ja tutustua rataan ennen kilpailua.<\/p>\n<p data-start=\"363\" data-end=\"511\">Lauantaina ajetaan Time Attack -kilpailu, jossa vuoden 2026 King of Finland ratkaistaan. <strong data-start=\"470\" data-end=\"494\">2026 King of Finland<\/strong> kruunun.<\/p>","protected":false},"excerpt":{"rendered":"<p data-start=\"72\" data-end=\"142\"><strong data-start=\"72\" data-end=\"98\">King of Finland\u00a0<\/strong><br data-start=\"98\" data-end=\"101\" \/>2 ajop\u00e4iv\u00e4\u00e4 sis\u00e4ltyy: Testi &amp; harjoitusp\u00e4iv\u00e4 + Kilpailup\u00e4iv\u00e4<\/p>\n<p data-start=\"72\" data-end=\"142\">Yhteisty\u00f6kumppaneidemme tuella pystymme tarjoamaan t\u00e4m\u00e4n tuettuun 299 euron hintaan.<\/p>","protected":false},"featured_media":177,"comment_status":"closed","ping_status":"closed","template":"","meta":[],"product_brand":[],"product_cat":[36,19],"product_tag":[],"class_list":{"0":"post-53","1":"product","2":"type-product","3":"status-publish","4":"has-post-thumbnail","6":"product_cat-event_ta","7":"product_cat-king-of-finland","9":"first","10":"instock","11":"virtual","12":"taxable","13":"purchasable","14":"product-type-simple"},"_links":{"self":[{"href":"https:\/\/timeattack.se\/shop\/fi\/wp-json\/wp\/v2\/product\/53","targetHints":{"allow":["GET"]}}],"collection":[{"href":"https:\/\/timeattack.se\/shop\/fi\/wp-json\/wp\/v2\/product"}],"about":[{"href":"https:\/\/timeattack.se\/shop\/fi\/wp-json\/wp\/v2\/types\/product"}],"replies":[{"embeddable":true,"href":"https:\/\/timeattack.se\/shop\/fi\/wp-json\/wp\/v2\/comments?post=53"}],"wp:featuredmedia":[{"embeddable":true,"href":"https:\/\/timeattack.se\/shop\/fi\/wp-json\/wp\/v2\/media\/177"}],"wp:attachment":[{"href":"https:\/\/timeattack.se\/shop\/fi\/wp-json\/wp\/v2\/media?parent=53"}],"wp:term":[{"taxonomy":"product_brand","embeddable":true,"href":"https:\/\/timeattack.se\/shop\/fi\/wp-json\/wp\/v2\/product_brand?post=53"},{"taxonomy":"product_cat","embeddable":true,"href":"https:\/\/timeattack.se\/shop\/fi\/wp-json\/wp\/v2\/product_cat?post=53"},{"taxonomy":"product_tag","embeddable":true,"href":"https:\/\/timeattack.se\/shop\/fi\/wp-json\/wp\/v2\/product_tag?post=53"}],"curies":[{"name":"wp","href":"https:\/\/api.w.org\/{rel}","templated":true}]}}