{"id":120,"date":"2026-03-23T10:33:25","date_gmt":"2026-03-23T10:33:25","guid":{"rendered":"https:\/\/timeattack.se\/shop\/?post_type=product&#038;p=120"},"modified":"2026-04-23T07:26:06","modified_gmt":"2026-04-23T07:26:06","slug":"kinnekulle-ring-pacerace-lor-30-5","status":"publish","type":"product","link":"https:\/\/timeattack.se\/shop\/product\/kinnekulle-ring-pacerace-lor-30-5\/","title":{"rendered":"Kinnekulle Ring &#8211; PaceRace (L\u00f6r 30\/5)"},"content":{"rendered":"<p><strong>L\u00d6RDAG:<\/strong> PaceRace: Upplev fart, gemenskap och t\u00e4vlingsk\u00e4nsla i v\u00e5rt Pacerace-format!<\/p>\n<p>PaceRace \u00e4r ett banracingformat d\u00e4r m\u00e5let inte bara \u00e4r att s\u00e4tta ett snabbt varv \u2013 utan att k\u00f6ra flera snabba varv med s\u00e5 liten differance som m\u00f6jligt. Under en t\u00e4vlingsdag k\u00f6r varje f\u00f6rare 3 heat \u00e0 15 minuter. Resultatet baseras p\u00e5 f\u00f6rarens tre b\u00e4sta varvtider fr\u00e5n dagen, d\u00e4r skillnaden mellan snabbaste varvet och det tredje snabbaste avg\u00f6r resultatet \u2013 ju mindre skillnad, desto b\u00e4ttre resultat.<\/p>\n<p><em><strong>Tidtagningstransponder ing\u00e5r!<\/strong><\/em><\/p>\n","protected":false},"excerpt":{"rendered":"<p><strong>JUST NU INTRODUKTIONSERBJUDANDE\u00a0 1000:- RABATT.<\/strong><\/p>\n<p>T\u00e4vlingsavgift f\u00f6r PaceRace p\u00e5 Kinnekulle Ring l\u00f6rdagen den 30\/5.<\/p>\n","protected":false},"featured_media":174,"comment_status":"closed","ping_status":"closed","template":"","meta":[],"product_brand":[],"product_cat":[20,46],"product_tag":[],"class_list":{"0":"post-120","1":"product","2":"type-product","3":"status-publish","4":"has-post-thumbnail","6":"product_cat-kinnekulle-ring-2026","7":"product_cat-pacerace","9":"first","10":"instock","11":"sale","12":"virtual","13":"taxable","14":"purchasable","15":"product-type-simple"},"_links":{"self":[{"href":"https:\/\/timeattack.se\/shop\/wp-json\/wp\/v2\/product\/120","targetHints":{"allow":["GET"]}}],"collection":[{"href":"https:\/\/timeattack.se\/shop\/wp-json\/wp\/v2\/product"}],"about":[{"href":"https:\/\/timeattack.se\/shop\/wp-json\/wp\/v2\/types\/product"}],"replies":[{"embeddable":true,"href":"https:\/\/timeattack.se\/shop\/wp-json\/wp\/v2\/comments?post=120"}],"wp:featuredmedia":[{"embeddable":true,"href":"https:\/\/timeattack.se\/shop\/wp-json\/wp\/v2\/media\/174"}],"wp:attachment":[{"href":"https:\/\/timeattack.se\/shop\/wp-json\/wp\/v2\/media?parent=120"}],"wp:term":[{"taxonomy":"product_brand","embeddable":true,"href":"https:\/\/timeattack.se\/shop\/wp-json\/wp\/v2\/product_brand?post=120"},{"taxonomy":"product_cat","embeddable":true,"href":"https:\/\/timeattack.se\/shop\/wp-json\/wp\/v2\/product_cat?post=120"},{"taxonomy":"product_tag","embeddable":true,"href":"https:\/\/timeattack.se\/shop\/wp-json\/wp\/v2\/product_tag?post=120"}],"curies":[{"name":"wp","href":"https:\/\/api.w.org\/{rel}","templated":true}]}}