{"id":169,"date":"2026-03-24T07:48:41","date_gmt":"2026-03-24T07:48:41","guid":{"rendered":"https:\/\/timeattack.se\/shop\/?post_type=product&#038;p=169"},"modified":"2026-04-27T13:02:51","modified_gmt":"2026-04-27T13:02:51","slug":"lunchlada-sondag","status":"publish","type":"product","link":"https:\/\/timeattack.se\/shop\/product\/lunchlada-sondag\/","title":{"rendered":"Lunchl\u00e5da &#8211; S\u00f6ndag"},"content":{"rendered":"<p data-start=\"100\" data-end=\"274\">F\u00f6rbest\u00e4ll en lunchl\u00e5da till fredagen under eventet. Lunchl\u00e5dan serveras p\u00e5 plats under dagen och \u00e4r ett smidigt alternativ s\u00e5 att du slipper l\u00e4mna omr\u00e5det f\u00f6r att ordna mat.<\/p>\n<p data-start=\"276\" data-end=\"347\">Perfekt f\u00f6r f\u00f6rare, team och bes\u00f6kare som vill maximera tiden p\u00e5 banan.<\/p>\n","protected":false},"excerpt":{"rendered":"<p>F\u00f6rbest\u00e4ll lunchl\u00e5da till fredagen under eventet. H\u00e4mtas i Trivselcentret under dagen.<\/p>\n","protected":false},"featured_media":168,"comment_status":"closed","ping_status":"closed","template":"","meta":[],"product_brand":[],"product_cat":[20],"product_tag":[],"class_list":{"0":"post-169","1":"product","2":"type-product","3":"status-publish","4":"has-post-thumbnail","6":"product_cat-kinnekulle-ring-2026","8":"first","9":"instock","10":"virtual","11":"taxable","12":"purchasable","13":"product-type-simple"},"_links":{"self":[{"href":"https:\/\/timeattack.se\/shop\/wp-json\/wp\/v2\/product\/169","targetHints":{"allow":["GET"]}}],"collection":[{"href":"https:\/\/timeattack.se\/shop\/wp-json\/wp\/v2\/product"}],"about":[{"href":"https:\/\/timeattack.se\/shop\/wp-json\/wp\/v2\/types\/product"}],"replies":[{"embeddable":true,"href":"https:\/\/timeattack.se\/shop\/wp-json\/wp\/v2\/comments?post=169"}],"wp:featuredmedia":[{"embeddable":true,"href":"https:\/\/timeattack.se\/shop\/wp-json\/wp\/v2\/media\/168"}],"wp:attachment":[{"href":"https:\/\/timeattack.se\/shop\/wp-json\/wp\/v2\/media?parent=169"}],"wp:term":[{"taxonomy":"product_brand","embeddable":true,"href":"https:\/\/timeattack.se\/shop\/wp-json\/wp\/v2\/product_brand?post=169"},{"taxonomy":"product_cat","embeddable":true,"href":"https:\/\/timeattack.se\/shop\/wp-json\/wp\/v2\/product_cat?post=169"},{"taxonomy":"product_tag","embeddable":true,"href":"https:\/\/timeattack.se\/shop\/wp-json\/wp\/v2\/product_tag?post=169"}],"curies":[{"name":"wp","href":"https:\/\/api.w.org\/{rel}","templated":true}]}}