{"id":215,"date":"2026-04-02T14:35:14","date_gmt":"2026-04-02T14:35:14","guid":{"rendered":"https:\/\/timeattack.se\/shop\/?post_type=product&#038;p=215"},"modified":"2026-04-02T15:56:41","modified_gmt":"2026-04-02T15:56:41","slug":"pacerace-seriepaket","status":"publish","type":"product","link":"https:\/\/timeattack.se\/shop\/product\/pacerace-seriepaket\/","title":{"rendered":"PaceRace &#8211; Seriepaket"},"content":{"rendered":"<p data-start=\"139\" data-end=\"204\">Upplev fart, gemenskap och t\u00e4vlingsk\u00e4nsla i v\u00e5rt Pacerace-format!<br \/>\nSerien best\u00e5r av\u00a0<strong data-start=\"355\" data-end=\"387\">tre t\u00e4vlingsdagar (varje l\u00f6rdag p\u00e5 Kinnekulle Ring, Mantorp Park &amp; Geller\u00e5sen Arena)<\/strong>\u00a0d\u00e4r fokus ligger p\u00e5 k\u00f6rgl\u00e4dje, utveckling och gemenskap \u2013 oavsett niv\u00e5.<\/p>\n<p>Totalt v\u00e4rde endast k\u00f6rningar (styckpris) ca 7500:-.<br \/>\n<b>Du sparar ca 500:-<\/b><\/p>\n<div draggable=\"false\">\n<ul>\n<li data-start=\"234\" data-end=\"269\">Seriedeltagande i det individuella PaceRace-m\u00e4sterskapet<\/li>\n<li>Seriedeltagande i PaceRace Teamm\u00e4sterskapet<\/li>\n<li data-start=\"234\" data-end=\"269\">M\u00f6jlighet att ansluta till ett stall &amp; cup<\/li>\n<li data-start=\"234\" data-end=\"269\">En t\u00e4vlingsstreamer f\u00f6r vindrutan<\/li>\n<li data-start=\"234\" data-end=\"269\">Din snabbaste tid fr\u00e5n varje t\u00e4vlingsdag l\u00e4ggs in i v\u00e5ran TIMEHUNTERS app.<\/li>\n<li>SBF licens ing\u00e5r (g\u00e4ller endast p\u00e5 v\u00e5ra event i Sverige).<\/li>\n<\/ul>\n<\/div>\n","protected":false},"excerpt":{"rendered":"<p>Upplev fart, gemenskap och t\u00e4vlingsk\u00e4nsla i v\u00e5rt Pacerace-format under tre delt\u00e4vlingar!<\/p>\n","protected":false},"featured_media":219,"comment_status":"closed","ping_status":"closed","template":"","meta":[],"product_brand":[],"product_cat":[17],"product_tag":[],"class_list":{"0":"post-215","1":"product","2":"type-product","3":"status-publish","4":"has-post-thumbnail","6":"product_cat-seriepaket","8":"first","9":"instock","10":"virtual","11":"taxable","12":"purchasable","13":"product-type-simple"},"_links":{"self":[{"href":"https:\/\/timeattack.se\/shop\/wp-json\/wp\/v2\/product\/215","targetHints":{"allow":["GET"]}}],"collection":[{"href":"https:\/\/timeattack.se\/shop\/wp-json\/wp\/v2\/product"}],"about":[{"href":"https:\/\/timeattack.se\/shop\/wp-json\/wp\/v2\/types\/product"}],"replies":[{"embeddable":true,"href":"https:\/\/timeattack.se\/shop\/wp-json\/wp\/v2\/comments?post=215"}],"wp:featuredmedia":[{"embeddable":true,"href":"https:\/\/timeattack.se\/shop\/wp-json\/wp\/v2\/media\/219"}],"wp:attachment":[{"href":"https:\/\/timeattack.se\/shop\/wp-json\/wp\/v2\/media?parent=215"}],"wp:term":[{"taxonomy":"product_brand","embeddable":true,"href":"https:\/\/timeattack.se\/shop\/wp-json\/wp\/v2\/product_brand?post=215"},{"taxonomy":"product_cat","embeddable":true,"href":"https:\/\/timeattack.se\/shop\/wp-json\/wp\/v2\/product_cat?post=215"},{"taxonomy":"product_tag","embeddable":true,"href":"https:\/\/timeattack.se\/shop\/wp-json\/wp\/v2\/product_tag?post=215"}],"curies":[{"name":"wp","href":"https:\/\/api.w.org\/{rel}","templated":true}]}}