{"id":221,"date":"2026-03-25T14:53:10","date_gmt":"2026-03-25T14:53:10","guid":{"rendered":"https:\/\/timeattack.se\/shop\/?post_type=product&#038;p=221"},"modified":"2026-03-27T12:39:54","modified_gmt":"2026-03-27T12:39:54","slug":"time-attack-seriepaket-flex","status":"publish","type":"product","link":"https:\/\/timeattack.se\/shop\/product\/time-attack-seriepaket-flex\/","title":{"rendered":"Time Attack &#8211; Seriepaket Flex"},"content":{"rendered":"<div draggable=\"false\" data-pm-slice=\"1 1 []\" data-en-clipboard=\"true\">\n<div draggable=\"false\" data-pm-slice=\"1 1 []\" data-en-clipboard=\"true\">F\u00f6r dig som vill testa banorna och k\u00e4nna p\u00e5 konceptet och gemenskapen.<\/div>\n<\/div>\n<div draggable=\"false\">Ni kanske \u00e4r ett kompisg\u00e4ng som vill k\u00f6ra ihop, dela d\u00e5 upp k\u00f6rningarna mellan er hur ni vill.<\/div>\n<div draggable=\"false\">\n<p>Eller varf\u00f6r inte ge bort en eller flera k\u00f6rningar i julklapp eller present till n\u00e5gon du tycker om?<\/p>\n<\/div>\n<div draggable=\"false\"><b><i>Observera samtliga paket erbjuder denna flexibilitet att ge bort eller s\u00e4lja k\u00f6rningar.<\/i><\/b><\/div>\n<div draggable=\"false\"><b style=\"font-size: 14.4px;\"><i><br \/>\nExempel 1:<\/i><\/b><span style=\"font-size: 14.4px;\">\u00a0T\u00e4vla p\u00e5 samtliga tre banor. T\u00e4vling Kinnekulle Ring, Mantorp Park och Geller\u00e5sen Arena.<\/span><\/div>\n<div draggable=\"false\">\n<div draggable=\"false\" data-pm-slice=\"1 1 []\" data-en-clipboard=\"true\">\n<div draggable=\"false\"><b><i>Exempel 2:<\/i><\/b>\u00a0En maxad helg p\u00e5 en av v\u00e5ra banor. Testdag + 2 t\u00e4vlingsdagar p\u00e5 Mantorp Park.<\/div>\n<div draggable=\"false\"><b><i>Exempel 3:<\/i><\/b>\u00a0Ni \u00e4r tre kompisar som delar p\u00e5 k\u00f6rningarna och alla deltar i t\u00e4vlingen p\u00e5 Geller\u00e5sen Arena.<\/div>\n<div draggable=\"false\"><b><i>Exempel 4:<\/i><\/b> Du k\u00f6r Testdag + T\u00e4vling Geller\u00e5sen och en v\u00e4n k\u00f6r Testdag Geller\u00e5sen.<\/div>\n<div draggable=\"false\"><\/div>\n<ul>\n<li draggable=\"false\"><span style=\"font-size: 14.4px;\">Start i Pacerace (b\u00e4st snitt varvtider vinner) under varje t\u00e4vlingsdag du k\u00f6r som \u201dWild card\u201d i Scandinavian Time Attack.<\/span><\/li>\n<li draggable=\"false\">Dekalpaket: En t\u00e4vlingsstreamer f\u00f6r vindrutan + en upps\u00e4ttning nummerskyltar.<\/li>\n<li draggable=\"false\">Profilbild publiceras p\u00e5 seriens hemsida.<\/li>\n<li draggable=\"false\">Din snabbaste tid fr\u00e5n varje t\u00e4vlingsdag l\u00e4ggs in i v\u00e5ran TIMEHUNTERS app.<\/li>\n<li draggable=\"false\">SBF licens ing\u00e5r (g\u00e4ller endast p\u00e5 v\u00e5ra event i Sverige).<\/li>\n<\/ul>\n<\/div>\n<\/div>\n","protected":false},"excerpt":{"rendered":"<h4 draggable=\"false\" data-pm-slice=\"1 1 []\" data-en-clipboard=\"true\">3x K\u00f6rtillf\u00e4llen, v\u00e4lj fritt i v\u00e5r kalender. V\u00e5rt \u201dprova p\u00e5\u201d paket<\/h4>\n","protected":false},"featured_media":220,"comment_status":"closed","ping_status":"closed","template":"","meta":[],"product_brand":[],"product_cat":[17],"product_tag":[],"class_list":{"0":"post-221","1":"product","2":"type-product","3":"status-publish","4":"has-post-thumbnail","6":"product_cat-seriepaket","8":"first","9":"instock","10":"virtual","11":"taxable","12":"purchasable","13":"product-type-simple"},"_links":{"self":[{"href":"https:\/\/timeattack.se\/shop\/wp-json\/wp\/v2\/product\/221","targetHints":{"allow":["GET"]}}],"collection":[{"href":"https:\/\/timeattack.se\/shop\/wp-json\/wp\/v2\/product"}],"about":[{"href":"https:\/\/timeattack.se\/shop\/wp-json\/wp\/v2\/types\/product"}],"replies":[{"embeddable":true,"href":"https:\/\/timeattack.se\/shop\/wp-json\/wp\/v2\/comments?post=221"}],"wp:featuredmedia":[{"embeddable":true,"href":"https:\/\/timeattack.se\/shop\/wp-json\/wp\/v2\/media\/220"}],"wp:attachment":[{"href":"https:\/\/timeattack.se\/shop\/wp-json\/wp\/v2\/media?parent=221"}],"wp:term":[{"taxonomy":"product_brand","embeddable":true,"href":"https:\/\/timeattack.se\/shop\/wp-json\/wp\/v2\/product_brand?post=221"},{"taxonomy":"product_cat","embeddable":true,"href":"https:\/\/timeattack.se\/shop\/wp-json\/wp\/v2\/product_cat?post=221"},{"taxonomy":"product_tag","embeddable":true,"href":"https:\/\/timeattack.se\/shop\/wp-json\/wp\/v2\/product_tag?post=221"}],"curies":[{"name":"wp","href":"https:\/\/api.w.org\/{rel}","templated":true}]}}