{"id":223,"date":"2026-03-25T14:55:37","date_gmt":"2026-03-25T14:55:37","guid":{"rendered":"https:\/\/timeattack.se\/shop\/?post_type=product&#038;p=223"},"modified":"2026-04-02T15:58:08","modified_gmt":"2026-04-02T15:58:08","slug":"time-attack-seriepaket-standard-mini","status":"publish","type":"product","link":"https:\/\/timeattack.se\/shop\/product\/time-attack-seriepaket-standard-mini\/","title":{"rendered":"Time Attack &#8211; Seriepaket Standard Mini"},"content":{"rendered":"<div draggable=\"false\" data-pm-slice=\"1 1 []\" data-en-clipboard=\"true\">\n<div draggable=\"false\" data-pm-slice=\"1 1 []\" data-en-clipboard=\"true\">\n<div draggable=\"false\" data-pm-slice=\"1 1 []\" data-en-clipboard=\"true\">Du f\u00e5r n\u00e4stan hela seriesatsningen, men med f\u00e4rre race (4 b\u00e4sta resultat av 6 r\u00e4knas).<\/div>\n<div draggable=\"false\">Mixa helger\/banor fritt med m\u00f6jlighet att boka mer k\u00f6rning inf\u00f6r\/under s\u00e4song.<\/div>\n<div draggable=\"false\">Totalt v\u00e4rde endast k\u00f6rningar (styckpris) ca 18000:-.<\/div>\n<div draggable=\"false\"><b>Du sparar ca 2500:-<\/b><\/div>\n<\/div>\n<div draggable=\"false\">\n<ul>\n<li draggable=\"false\">\n<div draggable=\"false\">Start i Scandinavian Time Attack-serien 2026.<\/div>\n<\/li>\n<li draggable=\"false\">\n<div draggable=\"false\">Start i Pacerace (b\u00e4st snitt varvtider vinner) under varje t\u00e4vlingsdag.<\/div>\n<\/li>\n<li>Personligt startnummer under 2026.<\/li>\n<li draggable=\"false\">\n<div draggable=\"false\">Dekalpaket: En t\u00e4vlingsstreamer f\u00f6r vindrutan + en upps\u00e4ttning nummerskyltar.<\/div>\n<\/li>\n<li draggable=\"false\">\n<div draggable=\"false\">Profilbild DRIVER 2026 publiceras p\u00e5 seriens hemsida och sociala medier med en presentation av dig, din bil och dina sponsorer (som ocks\u00e5 f\u00e5r en l\u00e4nkning av oss).<\/div>\n<\/li>\n<li draggable=\"false\">\n<div draggable=\"false\">F\u00f6rtur att med -250:-\/dag rabatt boka extra TA Testdagar, \u201dKing of Mantorp\u201d samt \u201dKing of Finland\u201d.<\/div>\n<\/li>\n<li draggable=\"false\">\n<div draggable=\"false\">\u201dSCANDINAVIAN TIME ATTACK DRIVER\u201d status\/f\u00f6rm\u00e5ner hos v\u00e5ra partners.<\/div>\n<\/li>\n<li draggable=\"false\">\n<div draggable=\"false\">M\u00f6jlighet till att nyttja v\u00e5rt inneh\u00e5ll p\u00e5 Instagram, Facebook, Youtube\/Vodcast.<\/div>\n<\/li>\n<li draggable=\"false\">\n<div draggable=\"false\">Din snabbaste tid fr\u00e5n varje t\u00e4vlingsdag l\u00e4ggs in i v\u00e5ran TIMEHUNTERS app.<\/div>\n<\/li>\n<li draggable=\"false\">\n<div draggable=\"false\">SBF licens ing\u00e5r (g\u00e4ller endast p\u00e5 v\u00e5ra event i Sverige)<\/div>\n<\/li>\n<\/ul>\n<\/div>\n<\/div>\n","protected":false},"excerpt":{"rendered":"<h4 draggable=\"false\" data-pm-slice=\"1 1 []\" data-en-clipboard=\"true\">4x T\u00e4vlingsdagar. Flexibilitet f\u00f6r dig som inte kan vara med hela s\u00e4songen<\/h4>\n","protected":false},"featured_media":220,"comment_status":"closed","ping_status":"closed","template":"","meta":[],"product_brand":[],"product_cat":[17],"product_tag":[],"class_list":{"0":"post-223","1":"product","2":"type-product","3":"status-publish","4":"has-post-thumbnail","6":"product_cat-seriepaket","8":"first","9":"instock","10":"sale","11":"virtual","12":"taxable","13":"purchasable","14":"product-type-simple"},"_links":{"self":[{"href":"https:\/\/timeattack.se\/shop\/wp-json\/wp\/v2\/product\/223","targetHints":{"allow":["GET"]}}],"collection":[{"href":"https:\/\/timeattack.se\/shop\/wp-json\/wp\/v2\/product"}],"about":[{"href":"https:\/\/timeattack.se\/shop\/wp-json\/wp\/v2\/types\/product"}],"replies":[{"embeddable":true,"href":"https:\/\/timeattack.se\/shop\/wp-json\/wp\/v2\/comments?post=223"}],"wp:featuredmedia":[{"embeddable":true,"href":"https:\/\/timeattack.se\/shop\/wp-json\/wp\/v2\/media\/220"}],"wp:attachment":[{"href":"https:\/\/timeattack.se\/shop\/wp-json\/wp\/v2\/media?parent=223"}],"wp:term":[{"taxonomy":"product_brand","embeddable":true,"href":"https:\/\/timeattack.se\/shop\/wp-json\/wp\/v2\/product_brand?post=223"},{"taxonomy":"product_cat","embeddable":true,"href":"https:\/\/timeattack.se\/shop\/wp-json\/wp\/v2\/product_cat?post=223"},{"taxonomy":"product_tag","embeddable":true,"href":"https:\/\/timeattack.se\/shop\/wp-json\/wp\/v2\/product_tag?post=223"}],"curies":[{"name":"wp","href":"https:\/\/api.w.org\/{rel}","templated":true}]}}