{"id":294,"date":"2026-04-21T09:56:44","date_gmt":"2026-04-21T09:56:44","guid":{"rendered":"https:\/\/timeattack.se\/shop\/?post_type=product&#038;p=294"},"modified":"2026-04-23T07:44:52","modified_gmt":"2026-04-23T07:44:52","slug":"personlig-forarcoachning-3-korpass-testdag-29-5","status":"publish","type":"product","link":"https:\/\/timeattack.se\/shop\/product\/personlig-forarcoachning-3-korpass-testdag-29-5\/","title":{"rendered":"Personlig f\u00f6rarcoachning \u2013 3 k\u00f6rpass, Testdag 29\/5"},"content":{"rendered":"<p>Robin Antonssons starkaste sidor som coach \u00e4r inte bara farten som f\u00f6rare utan \u00e4ven pedagogiken och s\u00e4ttet att kunna se var individs starka samt svaga sidor.<br \/>\nVara sig du letar efter dom sista tiondelarna eller \u00e4r helt ny som f\u00f6rare s\u00e5 kan han hj\u00e4lpa dig att n\u00e5 sina m\u00e5l.<\/p>\n<p>Detta ing\u00e5r.<\/p>\n<ul>\n<li>Samtal p\u00e5 morgonen f\u00f6r att l\u00e4gga upp en plan och g\u00e5 igenom m\u00e5len f\u00f6r dagen.<\/li>\n<li>3 k\u00f6rpass med coachning, loggning och filmning.<\/li>\n<li>Utv\u00e4rderingen efter dagen d\u00e5 vi g\u00e5r igenom hur det g\u00e5tt, vi g\u00e5r igenom film\/logger f\u00f6r att se hur du kan forts\u00e4tta utveckla din k\u00f6rning.<\/li>\n<\/ul>\n<p>Sj\u00e4lvklart skickas allt filmmaterial till dig s\u00e5 du kan g\u00e5 tillbaka \u00e5 h\u00f6ra vad vi sagt under dagen.<\/p>\n<p>N\u00f6jd eller pengarna tillbaka !<\/p>\n<p>Det kommer bara finnas plats f\u00f6r en eller eventuellt tv\u00e5 personer under testdagen. S\u00e5 f\u00f6rst till kvart<\/p>\n","protected":false},"excerpt":{"rendered":"<p>Personlig f\u00f6rarcoachning med flerfaldige Pro-klassvinnaren Robin Antonsson \u2013 f\u00f6r dig som vill utvecklas, oavsett niv\u00e5.<\/p>\n<p>Inkluderar planering, 3 coachade k\u00f6rpass med analys och filmning samt personlig feedback efter dagen.<\/p>\n","protected":false},"featured_media":326,"comment_status":"open","ping_status":"closed","template":"","meta":[],"product_brand":[],"product_cat":[20],"product_tag":[],"class_list":{"0":"post-294","1":"product","2":"type-product","3":"status-publish","4":"has-post-thumbnail","6":"product_cat-kinnekulle-ring-2026","8":"first","9":"instock","10":"taxable","11":"shipping-taxable","12":"purchasable","13":"product-type-simple"},"_links":{"self":[{"href":"https:\/\/timeattack.se\/shop\/wp-json\/wp\/v2\/product\/294","targetHints":{"allow":["GET"]}}],"collection":[{"href":"https:\/\/timeattack.se\/shop\/wp-json\/wp\/v2\/product"}],"about":[{"href":"https:\/\/timeattack.se\/shop\/wp-json\/wp\/v2\/types\/product"}],"replies":[{"embeddable":true,"href":"https:\/\/timeattack.se\/shop\/wp-json\/wp\/v2\/comments?post=294"}],"wp:featuredmedia":[{"embeddable":true,"href":"https:\/\/timeattack.se\/shop\/wp-json\/wp\/v2\/media\/326"}],"wp:attachment":[{"href":"https:\/\/timeattack.se\/shop\/wp-json\/wp\/v2\/media?parent=294"}],"wp:term":[{"taxonomy":"product_brand","embeddable":true,"href":"https:\/\/timeattack.se\/shop\/wp-json\/wp\/v2\/product_brand?post=294"},{"taxonomy":"product_cat","embeddable":true,"href":"https:\/\/timeattack.se\/shop\/wp-json\/wp\/v2\/product_cat?post=294"},{"taxonomy":"product_tag","embeddable":true,"href":"https:\/\/timeattack.se\/shop\/wp-json\/wp\/v2\/product_tag?post=294"}],"curies":[{"name":"wp","href":"https:\/\/api.w.org\/{rel}","templated":true}]}}