{"id":57,"date":"2026-03-13T14:35:36","date_gmt":"2026-03-13T14:35:36","guid":{"rendered":"https:\/\/timeattack.se\/shop\/?post_type=product&#038;p=57"},"modified":"2026-04-27T13:48:35","modified_gmt":"2026-04-27T13:48:35","slug":"kinnekulle-ring-testdag-fre-29-5","status":"publish","type":"product","link":"https:\/\/timeattack.se\/shop\/product\/kinnekulle-ring-testdag-fre-29-5\/","title":{"rendered":"Kinnekulle Ring &#8211; Testdag (Fre 29\/5)"},"content":{"rendered":"<p><strong>FREDAG:<\/strong>\u00a0TA Testdag: V\u00e5ra testdagar med full t\u00e4vlingstidtagning, rescue, ambulans och full bemanning runt banan.\u00a0Dagen \u00e4r indelad i 4 grupper (1: Nyb\u00f6rjare, 2: Erfaren Amat\u00f6r 3: Supersporbil 4: Extrembil).\u00a05-6x 15min kvalitativ k\u00f6rning utlovad.<\/p>\n<p><em><strong>Tidtagningstransponder ing\u00e5r!<\/strong><\/em><\/p>\n","protected":false},"excerpt":{"rendered":"<p><strong>JUST NU KAMPANJ TILL OCH MED 3\/5 &#8211; 500:- RABATT.<\/strong><\/p>\n<p>T\u00e4vlingsavgift f\u00f6r testdag p\u00e5 Kinnekulle Ring fredagen den 29\/5.<\/p>\n","protected":false},"featured_media":195,"comment_status":"closed","ping_status":"closed","template":"","meta":[],"product_brand":[],"product_cat":[20],"product_tag":[],"class_list":{"0":"post-57","1":"product","2":"type-product","3":"status-publish","4":"has-post-thumbnail","6":"product_cat-kinnekulle-ring-2026","8":"first","9":"instock","10":"sale","11":"virtual","12":"taxable","13":"purchasable","14":"product-type-simple"},"_links":{"self":[{"href":"https:\/\/timeattack.se\/shop\/wp-json\/wp\/v2\/product\/57","targetHints":{"allow":["GET"]}}],"collection":[{"href":"https:\/\/timeattack.se\/shop\/wp-json\/wp\/v2\/product"}],"about":[{"href":"https:\/\/timeattack.se\/shop\/wp-json\/wp\/v2\/types\/product"}],"replies":[{"embeddable":true,"href":"https:\/\/timeattack.se\/shop\/wp-json\/wp\/v2\/comments?post=57"}],"wp:featuredmedia":[{"embeddable":true,"href":"https:\/\/timeattack.se\/shop\/wp-json\/wp\/v2\/media\/195"}],"wp:attachment":[{"href":"https:\/\/timeattack.se\/shop\/wp-json\/wp\/v2\/media?parent=57"}],"wp:term":[{"taxonomy":"product_brand","embeddable":true,"href":"https:\/\/timeattack.se\/shop\/wp-json\/wp\/v2\/product_brand?post=57"},{"taxonomy":"product_cat","embeddable":true,"href":"https:\/\/timeattack.se\/shop\/wp-json\/wp\/v2\/product_cat?post=57"},{"taxonomy":"product_tag","embeddable":true,"href":"https:\/\/timeattack.se\/shop\/wp-json\/wp\/v2\/product_tag?post=57"}],"curies":[{"name":"wp","href":"https:\/\/api.w.org\/{rel}","templated":true}]}}