{"id":58,"date":"2026-03-13T14:35:36","date_gmt":"2026-03-13T14:35:36","guid":{"rendered":"https:\/\/timeattack.se\/shop\/?post_type=product&#038;p=58"},"modified":"2026-04-27T13:48:41","modified_gmt":"2026-04-27T13:48:41","slug":"kinnekulle-ring-time-attack-wildcard-son-31-5","status":"publish","type":"product","link":"https:\/\/timeattack.se\/shop\/product\/kinnekulle-ring-time-attack-wildcard-son-31-5\/","title":{"rendered":"Kinnekulle Ring &#8211; Time Attack Wildcard (S\u00f6n 31\/5)"},"content":{"rendered":"<p><strong>S\u00d6NDAG:<\/strong>\u00a0T\u00e4vling &#8211; Rond 2 f\u00f6r f\u00f6r samtliga klasser i Time Attack m\u00e4sterskapet:\u00a0Det finns m\u00f6jlighet att du utanf\u00f6r serien kan g\u00e4stspela i denna t\u00e4vling som ett &#8221;Wild Card&#8221;.<\/p>\n<p><em><strong>Tidtagningstransponder ing\u00e5r!<\/strong><\/em><\/p>\n","protected":false},"excerpt":{"rendered":"<p><strong>JUST NU KAMPANJ TILL OCH MED 3\/5 &#8211; 500:- RABATT.<\/strong><\/p>\n<p>T\u00e4vlingsavgift f\u00f6r Time Attack Wildcard (g\u00e4stf\u00f6rare) i Rond 1 av Scandinavian Time Attack m\u00e4sterskapet.<\/p>\n","protected":false},"featured_media":174,"comment_status":"closed","ping_status":"closed","template":"","meta":[],"product_brand":[],"product_cat":[20],"product_tag":[],"class_list":{"0":"post-58","1":"product","2":"type-product","3":"status-publish","4":"has-post-thumbnail","6":"product_cat-kinnekulle-ring-2026","8":"first","9":"instock","10":"sale","11":"virtual","12":"taxable","13":"purchasable","14":"product-type-simple"},"_links":{"self":[{"href":"https:\/\/timeattack.se\/shop\/wp-json\/wp\/v2\/product\/58","targetHints":{"allow":["GET"]}}],"collection":[{"href":"https:\/\/timeattack.se\/shop\/wp-json\/wp\/v2\/product"}],"about":[{"href":"https:\/\/timeattack.se\/shop\/wp-json\/wp\/v2\/types\/product"}],"replies":[{"embeddable":true,"href":"https:\/\/timeattack.se\/shop\/wp-json\/wp\/v2\/comments?post=58"}],"wp:featuredmedia":[{"embeddable":true,"href":"https:\/\/timeattack.se\/shop\/wp-json\/wp\/v2\/media\/174"}],"wp:attachment":[{"href":"https:\/\/timeattack.se\/shop\/wp-json\/wp\/v2\/media?parent=58"}],"wp:term":[{"taxonomy":"product_brand","embeddable":true,"href":"https:\/\/timeattack.se\/shop\/wp-json\/wp\/v2\/product_brand?post=58"},{"taxonomy":"product_cat","embeddable":true,"href":"https:\/\/timeattack.se\/shop\/wp-json\/wp\/v2\/product_cat?post=58"},{"taxonomy":"product_tag","embeddable":true,"href":"https:\/\/timeattack.se\/shop\/wp-json\/wp\/v2\/product_tag?post=58"}],"curies":[{"name":"wp","href":"https:\/\/api.w.org\/{rel}","templated":true}]}}