{"id":59,"date":"2026-03-13T14:35:36","date_gmt":"2026-03-13T14:35:36","guid":{"rendered":"https:\/\/timeattack.se\/shop\/?post_type=product&#038;p=59"},"modified":"2026-04-27T13:48:47","modified_gmt":"2026-04-27T13:48:47","slug":"kinnekulle-ring-time-attack-2-day-combo-2930-5","status":"publish","type":"product","link":"https:\/\/timeattack.se\/shop\/product\/kinnekulle-ring-time-attack-2-day-combo-2930-5\/","title":{"rendered":"Kinnekulle Ring &#8211; Time Attack 2-day Combo (29+30\/5)"},"content":{"rendered":"<p><strong>Styck priser:<\/strong><br \/>\nTestdag fredag 29\/5 &#8211; 3490:-<br \/>\nTime Attack Wildcard l\u00f6rdag 30\/5 &#8211; 4490:-<\/p>\n<p>FREDAG:\u00a0TA Testdag: V\u00e5ra testdagar med full t\u00e4vlingstidtagning, rescue, ambulans och full bemanning runt banan.\u00a0Dagen \u00e4r indelad i 4 grupper (1: Nyb\u00f6rjare, 2: Erfaren Amat\u00f6r 3: Supersporbil 4: Extrembil).\u00a05-6x 15min kvalitativ k\u00f6rning utlovad.<\/p>\n<p><strong>L\u00d6RDAG:<\/strong> T\u00e4vling &#8211; Rond 1 f\u00f6r f\u00f6r samtliga klasser i Time Attack m\u00e4sterskapet:\u00a0Du utanf\u00f6r serien kan g\u00e4stspela i denna t\u00e4vling som ett &#8221;Wild Card&#8221;. Denna dagen \u00e4r att den avslutas med\u00a0<b>Superlaps-finaler!<\/b><\/p>\n<p><em><strong>Tidtagningstransponder ing\u00e5r!<\/strong><\/em><\/p>\n","protected":false},"excerpt":{"rendered":"<p><strong>JUST NU KAMPANJ TILL OCH MED 3\/5 &#8211; 500:- RABATT.<\/strong><\/p>\n<p>Kombo paket med tv\u00e5 dagars k\u00f6rning. Spara ca 1500:-<\/p>\n<p>T\u00e4vlingsavgift f\u00f6r Time Attack Testdag &amp; Wildcard (g\u00e4stf\u00f6rare) i Rond 1 av Scandinavian Time Attack m\u00e4sterskapet.<\/p>\n","protected":false},"featured_media":174,"comment_status":"closed","ping_status":"closed","template":"","meta":[],"product_brand":[],"product_cat":[20],"product_tag":[],"class_list":{"0":"post-59","1":"product","2":"type-product","3":"status-publish","4":"has-post-thumbnail","6":"product_cat-kinnekulle-ring-2026","8":"first","9":"instock","10":"sale","11":"virtual","12":"taxable","13":"purchasable","14":"product-type-simple"},"_links":{"self":[{"href":"https:\/\/timeattack.se\/shop\/wp-json\/wp\/v2\/product\/59","targetHints":{"allow":["GET"]}}],"collection":[{"href":"https:\/\/timeattack.se\/shop\/wp-json\/wp\/v2\/product"}],"about":[{"href":"https:\/\/timeattack.se\/shop\/wp-json\/wp\/v2\/types\/product"}],"replies":[{"embeddable":true,"href":"https:\/\/timeattack.se\/shop\/wp-json\/wp\/v2\/comments?post=59"}],"wp:featuredmedia":[{"embeddable":true,"href":"https:\/\/timeattack.se\/shop\/wp-json\/wp\/v2\/media\/174"}],"wp:attachment":[{"href":"https:\/\/timeattack.se\/shop\/wp-json\/wp\/v2\/media?parent=59"}],"wp:term":[{"taxonomy":"product_brand","embeddable":true,"href":"https:\/\/timeattack.se\/shop\/wp-json\/wp\/v2\/product_brand?post=59"},{"taxonomy":"product_cat","embeddable":true,"href":"https:\/\/timeattack.se\/shop\/wp-json\/wp\/v2\/product_cat?post=59"},{"taxonomy":"product_tag","embeddable":true,"href":"https:\/\/timeattack.se\/shop\/wp-json\/wp\/v2\/product_tag?post=59"}],"curies":[{"name":"wp","href":"https:\/\/api.w.org\/{rel}","templated":true}]}}