{"id":61,"date":"2026-03-13T14:35:36","date_gmt":"2026-03-13T14:35:36","guid":{"rendered":"https:\/\/timeattack.se\/shop\/?post_type=product&#038;p=61"},"modified":"2026-04-27T13:48:02","modified_gmt":"2026-04-27T13:48:02","slug":"kinnekulle-ring-time-attack-3-day-combo-29-31-5","status":"publish","type":"product","link":"https:\/\/timeattack.se\/shop\/product\/kinnekulle-ring-time-attack-3-day-combo-29-31-5\/","title":{"rendered":"Kinnekulle Ring &#8211; Time Attack 3-day Combo (29-31\/5)"},"content":{"rendered":"<p><strong>Styck priser:<\/strong><\/p>\n<p>Time Attack Testdag fredag 29\/5 &#8211; 3490:-<br \/>\nTime Attack Wildcard l\u00f6rdag 30\/5 &#8211; 4490:-<br \/>\nTime Attack Wildcard s\u00f6ndag 31\/5 &#8211; 4490:-<\/p>\n<p><strong>FREDAG:<\/strong>\u00a0TA Testdag: V\u00e5ra testdagar med full t\u00e4vlingstidtagning, rescue, ambulans och full bemanning runt banan.\u00a0Dagen \u00e4r indelad i 4 grupper (1: Nyb\u00f6rjare, 2: Erfaren Amat\u00f6r 3: Supersporbil 4: Extrembil).\u00a05-6x 15min kvalitativ k\u00f6rning utlovad.<\/p>\n<p><strong>L\u00d6RDAG:<\/strong> T\u00e4vling &#8211; Rond 1 f\u00f6r f\u00f6r samtliga klasser i Scandinavian Time Attack m\u00e4sterskapet: Du utanf\u00f6r serien kan g\u00e4stspela i denna t\u00e4vling som ett &#8221;Wild Card&#8221;. Denna dagen \u00e4r att den avslutas med <b>Superlaps-finaler!<\/b><\/p>\n<p><strong>S\u00d6NDAG:<\/strong>\u00a0T\u00e4vling &#8211; Rond 2 f\u00f6r f\u00f6r samtliga klasser i Scandinavian Time Attack m\u00e4sterskapet:\u00a0Det finns m\u00f6jlighet att du utanf\u00f6r serien kan g\u00e4stspela i denna t\u00e4vling som ett &#8221;Wild Card&#8221;.<\/p>\n<p><em><strong>Tidtagningstransponder ing\u00e5r!<\/strong><\/em><\/p>\n","protected":false},"excerpt":{"rendered":"<p><strong>JUST NU KAMPANJ TILL OCH MED 3\/5 &#8211; 500:- RABATT.<\/strong><\/p>\n<p>Kombo-paket med tre dagars k\u00f6rning. Spara ca 3500:-<\/p>\n<p>T\u00e4vlingsavgift f\u00f6r testdag samt Wildcard (g\u00e4stf\u00f6rare) i Rond 1 &amp; Rond 2 av Scandinavian Time Attack m\u00e4sterskapet.<\/p>\n","protected":false},"featured_media":174,"comment_status":"closed","ping_status":"closed","template":"","meta":[],"product_brand":[],"product_cat":[36,20],"product_tag":[],"class_list":{"0":"post-61","1":"product","2":"type-product","3":"status-publish","4":"has-post-thumbnail","6":"product_cat-event_ta","7":"product_cat-kinnekulle-ring-2026","9":"first","10":"instock","11":"sale","12":"virtual","13":"taxable","14":"purchasable","15":"product-type-simple"},"_links":{"self":[{"href":"https:\/\/timeattack.se\/shop\/wp-json\/wp\/v2\/product\/61","targetHints":{"allow":["GET"]}}],"collection":[{"href":"https:\/\/timeattack.se\/shop\/wp-json\/wp\/v2\/product"}],"about":[{"href":"https:\/\/timeattack.se\/shop\/wp-json\/wp\/v2\/types\/product"}],"replies":[{"embeddable":true,"href":"https:\/\/timeattack.se\/shop\/wp-json\/wp\/v2\/comments?post=61"}],"wp:featuredmedia":[{"embeddable":true,"href":"https:\/\/timeattack.se\/shop\/wp-json\/wp\/v2\/media\/174"}],"wp:attachment":[{"href":"https:\/\/timeattack.se\/shop\/wp-json\/wp\/v2\/media?parent=61"}],"wp:term":[{"taxonomy":"product_brand","embeddable":true,"href":"https:\/\/timeattack.se\/shop\/wp-json\/wp\/v2\/product_brand?post=61"},{"taxonomy":"product_cat","embeddable":true,"href":"https:\/\/timeattack.se\/shop\/wp-json\/wp\/v2\/product_cat?post=61"},{"taxonomy":"product_tag","embeddable":true,"href":"https:\/\/timeattack.se\/shop\/wp-json\/wp\/v2\/product_tag?post=61"}],"curies":[{"name":"wp","href":"https:\/\/api.w.org\/{rel}","templated":true}]}}